{"id":37,"date":"2013-01-20T00:41:57","date_gmt":"2013-01-20T03:41:57","guid":{"rendered":"http:\/\/www.ninel.cl\/blog\/?page_id=37"},"modified":"2024-05-08T00:17:30","modified_gmt":"2024-05-08T03:17:30","slug":"quienes-somos","status":"publish","type":"page","link":"https:\/\/www.ninel.cl\/index.php\/quienes-somos\/","title":{"rendered":"Quienes Somos"},"content":{"rendered":"<h3><span style=\"color: #0000ff;\">Hoy 6 de mayo del 2024 hemos cumplido 28 a\u00f1os de funcionamiento!<br \/>\nS\u00ed, son 28 a\u00f1os junto a ustedes&#8230;<\/span><\/h3>\n<p><span style=\"color: #0000ff;\">Infinitas gracias a cada una de ustedes, nuestras clientas, amigas, segunda familia.<\/span><\/p>\n<p><span style=\"color: #0000ff;\">Un abrazo a la distancia y reiteramos nuestros agradecimientos por la constancia, fidelidad y oportunidad de conocer a cada una de Uds. y siempre estar\u00e1n en nuestros corazones!!<br \/>\n<\/span><\/p>\n<h2 style=\"text-align: center;\"><\/h2>\n<p style=\"text-align: center;\"><img loading=\"lazy\" decoding=\"async\" class=\"size-full wp-image-1297 aligncenter\" src=\"http:\/\/www.ninel.cl\/wp-content\/uploads\/2013\/03\/QuienesSomos_2.jpg\" alt=\"QuienesSomos_2\" width=\"900\" height=\"497\" srcset=\"https:\/\/www.ninel.cl\/wp-content\/uploads\/2013\/03\/QuienesSomos_2.jpg 900w, https:\/\/www.ninel.cl\/wp-content\/uploads\/2013\/03\/QuienesSomos_2-300x165.jpg 300w\" sizes=\"auto, (max-width: 900px) 100vw, 900px\" \/><\/p>\n","protected":false},"excerpt":{"rendered":"<p>Hoy 6 de mayo del 2024 hemos cumplido 28 a\u00f1os de funcionamiento! S\u00ed, son 28 a\u00f1os junto a ustedes&#8230; Infinitas gracias a cada una de ustedes, nuestras clientas, amigas, segunda [&hellip;]<\/p>\n","protected":false},"author":1,"featured_media":0,"parent":0,"menu_order":0,"comment_status":"open","ping_status":"open","template":"page-full-width.php","meta":{"footnotes":""},"class_list":["post-37","page","type-page","status-publish","hentry"],"_links":{"self":[{"href":"https:\/\/www.ninel.cl\/index.php\/wp-json\/wp\/v2\/pages\/37","targetHints":{"allow":["GET"]}}],"collection":[{"href":"https:\/\/www.ninel.cl\/index.php\/wp-json\/wp\/v2\/pages"}],"about":[{"href":"https:\/\/www.ninel.cl\/index.php\/wp-json\/wp\/v2\/types\/page"}],"author":[{"embeddable":true,"href":"https:\/\/www.ninel.cl\/index.php\/wp-json\/wp\/v2\/users\/1"}],"replies":[{"embeddable":true,"href":"https:\/\/www.ninel.cl\/index.php\/wp-json\/wp\/v2\/comments?post=37"}],"version-history":[{"count":22,"href":"https:\/\/www.ninel.cl\/index.php\/wp-json\/wp\/v2\/pages\/37\/revisions"}],"predecessor-version":[{"id":1592,"href":"https:\/\/www.ninel.cl\/index.php\/wp-json\/wp\/v2\/pages\/37\/revisions\/1592"}],"wp:attachment":[{"href":"https:\/\/www.ninel.cl\/index.php\/wp-json\/wp\/v2\/media?parent=37"}],"curies":[{"name":"wp","href":"https:\/\/api.w.org\/{rel}","templated":true}]}}