{"id":59,"date":"2013-01-20T13:52:50","date_gmt":"2013-01-20T16:52:50","guid":{"rendered":"http:\/\/www.ninel.cl\/blog\/?page_id=59"},"modified":"2017-01-06T01:10:40","modified_gmt":"2017-01-06T04:10:40","slug":"peinados","status":"publish","type":"page","link":"https:\/\/www.ninel.cl\/index.php\/peinados\/","title":{"rendered":"Peinados"},"content":{"rendered":"<p><img loading=\"lazy\" decoding=\"async\" class=\"size-full wp-image-1256 alignnone\" style=\"margin-left: 10px; margin-right: 10px;\" src=\"http:\/\/www.ninel.cl\/wp-content\/uploads\/2013\/03\/Peinados_11.jpg\" alt=\"Peinados_1\" width=\"244\" height=\"244\" srcset=\"https:\/\/www.ninel.cl\/wp-content\/uploads\/2013\/03\/Peinados_11.jpg 244w, https:\/\/www.ninel.cl\/wp-content\/uploads\/2013\/03\/Peinados_11-150x150.jpg 150w\" sizes=\"auto, (max-width: 244px) 100vw, 244px\" \/>Nos especializamos en una amplia variedad de<strong> peinados<\/strong> de estilo cl\u00e1sico y moderno.<\/p>\n<h3><\/h3>\n<h3>Galer\u00eda de Im\u00e1genes<\/h3>\n<p>Aqu\u00ed hay una peque\u00f1a, muy, muy peque\u00f1a en verdad, galer\u00eda de im\u00e1genes con algunos de nuestros <strong>peinados<\/strong>.<\/p>\n<p><code>\t\t\t\t<div class=\"gallery_box_single\">\n\t\t\t\t\t\t\t\t\t\t\t<div class=\"gallery clearfix\">\n\t\t\t\t\t\t\t\t\t\t\t\t\t\t\t<div class=\"gllr_image_row\">\n\t\t\t\t\t\t\t\t\t\t\t\t\t\t\t\t\t<div class=\"gllr_image_block\">\n\t\t\t\t\t\t\t\t\t\t<p style=\"width:180px;height:140px;\">\n\t\t\t\t\t\t\t\t\t\t\t\t\t\t\t\t\t\t\t\t\t\t<a rel=\"gallery_fancybox\" href=\"https:\/\/www.ninel.cl\/wp-content\/uploads\/2020\/08\/DSC03920-1-1024x768.jpg\" title=\"\">\n\t\t\t\t\t\t\t\t\t\t\t\t<img decoding=\"async\" style=\"width:160px;height:120px; border-width: 10px; border-color:#f1f1f1\" alt=\"\" title=\"\" src=\"https:\/\/www.ninel.cl\/wp-content\/uploads\/2020\/08\/DSC03920-1-160x120.jpg\" rel=\"https:\/\/www.ninel.cl\/wp-content\/uploads\/2020\/08\/DSC03920-1.jpg\" \/>\n\t\t\t\t\t\t\t\t\t\t\t<\/a>\n\t\t\t\t\t\t\t\t\t\t\t\t\t\t\t\t\t\t\t\t\t\t<\/p>\n\t\t\t\t\t\t\t\t\t\t<div style=\"width:180px; \" class=\"gllr_single_image_text\">&nbsp;<\/div>\n\t\t\t\t\t\t\t\t\t<\/div>\n\t\t\t\t\t\t\t\t\t\t\t\t\t\t\t\t\t<div class=\"gllr_image_block\">\n\t\t\t\t\t\t\t\t\t\t<p style=\"width:180px;height:140px;\">\n\t\t\t\t\t\t\t\t\t\t\t\t\t\t\t\t\t\t\t\t\t\t<a rel=\"gallery_fancybox\" href=\"https:\/\/www.ninel.cl\/wp-content\/uploads\/2020\/08\/DSC04030-1024x768.jpg\" title=\"\">\n\t\t\t\t\t\t\t\t\t\t\t\t<img decoding=\"async\" style=\"width:160px;height:120px; border-width: 10px; border-color:#f1f1f1\" alt=\"\" title=\"\" src=\"https:\/\/www.ninel.cl\/wp-content\/uploads\/2020\/08\/DSC04030-160x120.jpg\" rel=\"https:\/\/www.ninel.cl\/wp-content\/uploads\/2020\/08\/DSC04030.JPG\" \/>\n\t\t\t\t\t\t\t\t\t\t\t<\/a>\n\t\t\t\t\t\t\t\t\t\t\t\t\t\t\t\t\t\t\t\t\t\t<\/p>\n\t\t\t\t\t\t\t\t\t\t<div style=\"width:180px; \" class=\"gllr_single_image_text\">&nbsp;<\/div>\n\t\t\t\t\t\t\t\t\t<\/div>\n\t\t\t\t\t\t\t\t\t\t\t\t\t\t\t\t\t<div class=\"gllr_image_block\">\n\t\t\t\t\t\t\t\t\t\t<p style=\"width:180px;height:140px;\">\n\t\t\t\t\t\t\t\t\t\t\t\t\t\t\t\t\t\t\t\t\t\t<a rel=\"gallery_fancybox\" href=\"https:\/\/www.ninel.cl\/wp-content\/uploads\/2020\/08\/DSC03906-1024x768.jpg\" title=\"\">\n\t\t\t\t\t\t\t\t\t\t\t\t<img decoding=\"async\" style=\"width:160px;height:120px; border-width: 10px; border-color:#f1f1f1\" alt=\"\" title=\"\" src=\"https:\/\/www.ninel.cl\/wp-content\/uploads\/2020\/08\/DSC03906-160x120.jpg\" rel=\"https:\/\/www.ninel.cl\/wp-content\/uploads\/2020\/08\/DSC03906.JPG\" \/>\n\t\t\t\t\t\t\t\t\t\t\t<\/a>\n\t\t\t\t\t\t\t\t\t\t\t\t\t\t\t\t\t\t\t\t\t\t<\/p>\n\t\t\t\t\t\t\t\t\t\t<div style=\"width:180px; \" class=\"gllr_single_image_text\">&nbsp;<\/div>\n\t\t\t\t\t\t\t\t\t<\/div>\n\t\t\t\t\t\t\t\t\t\t\t\t\t\t\t\t\t<div class=\"gllr_image_block\">\n\t\t\t\t\t\t\t\t\t\t<p style=\"width:180px;height:140px;\">\n\t\t\t\t\t\t\t\t\t\t\t\t\t\t\t\t\t\t\t\t\t\t<a rel=\"gallery_fancybox\" href=\"https:\/\/www.ninel.cl\/wp-content\/uploads\/2020\/08\/DSC03916-1024x768.jpg\" title=\"\">\n\t\t\t\t\t\t\t\t\t\t\t\t<img decoding=\"async\" style=\"width:160px;height:120px; border-width: 10px; border-color:#f1f1f1\" alt=\"\" title=\"\" src=\"https:\/\/www.ninel.cl\/wp-content\/uploads\/2020\/08\/DSC03916-160x120.jpg\" rel=\"https:\/\/www.ninel.cl\/wp-content\/uploads\/2020\/08\/DSC03916.JPG\" \/>\n\t\t\t\t\t\t\t\t\t\t\t<\/a>\n\t\t\t\t\t\t\t\t\t\t\t\t\t\t\t\t\t\t\t\t\t\t<\/p>\n\t\t\t\t\t\t\t\t\t\t<div style=\"width:180px; \" class=\"gllr_single_image_text\">&nbsp;<\/div>\n\t\t\t\t\t\t\t\t\t<\/div>\n\t\t\t\t\t\t\t\t\t\t\t\t\t\t\t\t<\/div>\n\t\t\t\t\t\t\t\t\t\t\t\t\t\t\t\t<div class=\"gllr_image_row\">\n\t\t\t\t\t\t\t\t\t\t\t\t\t\t\t\t\t<div class=\"gllr_image_block\">\n\t\t\t\t\t\t\t\t\t\t<p style=\"width:180px;height:140px;\">\n\t\t\t\t\t\t\t\t\t\t\t\t\t\t\t\t\t\t\t\t\t\t<a rel=\"gallery_fancybox\" href=\"https:\/\/www.ninel.cl\/wp-content\/uploads\/2020\/08\/DSC04223-1024x768.jpg\" title=\"\">\n\t\t\t\t\t\t\t\t\t\t\t\t<img decoding=\"async\" style=\"width:160px;height:120px; border-width: 10px; border-color:#f1f1f1\" alt=\"\" title=\"\" src=\"https:\/\/www.ninel.cl\/wp-content\/uploads\/2020\/08\/DSC04223-160x120.jpg\" rel=\"https:\/\/www.ninel.cl\/wp-content\/uploads\/2020\/08\/DSC04223.JPG\" \/>\n\t\t\t\t\t\t\t\t\t\t\t<\/a>\n\t\t\t\t\t\t\t\t\t\t\t\t\t\t\t\t\t\t\t\t\t\t<\/p>\n\t\t\t\t\t\t\t\t\t\t<div style=\"width:180px; \" class=\"gllr_single_image_text\">&nbsp;<\/div>\n\t\t\t\t\t\t\t\t\t<\/div>\n\t\t\t\t\t\t\t\t\t\t\t\t\t\t\t\t\t<div class=\"gllr_image_block\">\n\t\t\t\t\t\t\t\t\t\t<p style=\"width:180px;height:140px;\">\n\t\t\t\t\t\t\t\t\t\t\t\t\t\t\t\t\t\t\t\t\t\t<a rel=\"gallery_fancybox\" href=\"https:\/\/www.ninel.cl\/wp-content\/uploads\/2020\/08\/DSC04745-1024x768.jpg\" title=\"\">\n\t\t\t\t\t\t\t\t\t\t\t\t<img decoding=\"async\" style=\"width:160px;height:120px; border-width: 10px; border-color:#f1f1f1\" alt=\"\" title=\"\" src=\"https:\/\/www.ninel.cl\/wp-content\/uploads\/2020\/08\/DSC04745-160x120.jpg\" rel=\"https:\/\/www.ninel.cl\/wp-content\/uploads\/2020\/08\/DSC04745.JPG\" \/>\n\t\t\t\t\t\t\t\t\t\t\t<\/a>\n\t\t\t\t\t\t\t\t\t\t\t\t\t\t\t\t\t\t\t\t\t\t<\/p>\n\t\t\t\t\t\t\t\t\t\t<div style=\"width:180px; \" class=\"gllr_single_image_text\">&nbsp;<\/div>\n\t\t\t\t\t\t\t\t\t<\/div>\n\t\t\t\t\t\t\t\t\t\t\t\t\t\t\t\t<\/div>\n\t\t\t\t\t\t\t\t\t\t\t\t\t\t<\/div>\n\t\t\t\t\t\t\t\t\t\t\t<\/div>\n\t\t\t\t\t<div class=\"clear\"><\/div>\n\t\t\t\t\t\t\t<script type=\"text\/javascript\">\n\t\t(function($){\n\t\t\t$(document).ready(function(){\n\t\t\t\t$(\"a[rel=gallery_fancybox]\").fancybox({\n\t\t\t\t\t'transitionIn'\t\t: 'elastic',\n\t\t\t\t\t'transitionOut'\t\t: 'elastic',\n\t\t\t\t\t'titlePosition' \t: 'inside',\n\t\t\t\t\t'speedIn'\t\t\t\t\t:\t500, \n\t\t\t\t\t'speedOut'\t\t\t\t:\t300,\n\t\t\t\t\t'titleFormat'\t\t\t: function(title, currentArray, currentIndex, currentOpts) {\n\t\t\t\t\t\treturn '<span id=\"fancybox-title-inside\">' + (title.length ? title + '<br \/>' : '') + 'Image ' + (currentIndex + 1) + ' \/ ' + currentArray.length + '<\/span>';\n\t\t\t\t\t},\n\t\t\t\t\t'onComplete':\tfunction() {\n\t\t\t\t\t\tclearTimeout(jQuery.fancybox.slider);\n\t\t\t\t\t\tjQuery.fancybox.slider=setTimeout(\"jQuery.fancybox.next()\",4500);\n\t\t\t\t\t}\t\t\t\t});\n\t\t\t});\n\t\t})(jQuery);\n\t\t<\/script>\n\t<\/code><\/p>\n","protected":false},"excerpt":{"rendered":"<p>Nos especializamos en una amplia variedad de peinados de estilo cl\u00e1sico y moderno. Galer\u00eda de Im\u00e1genes Aqu\u00ed hay una peque\u00f1a, muy, muy peque\u00f1a en verdad, galer\u00eda de im\u00e1genes con algunos [&hellip;]<\/p>\n","protected":false},"author":1,"featured_media":0,"parent":0,"menu_order":0,"comment_status":"open","ping_status":"open","template":"page-full-width.php","meta":{"footnotes":""},"class_list":["post-59","page","type-page","status-publish","hentry"],"_links":{"self":[{"href":"https:\/\/www.ninel.cl\/index.php\/wp-json\/wp\/v2\/pages\/59","targetHints":{"allow":["GET"]}}],"collection":[{"href":"https:\/\/www.ninel.cl\/index.php\/wp-json\/wp\/v2\/pages"}],"about":[{"href":"https:\/\/www.ninel.cl\/index.php\/wp-json\/wp\/v2\/types\/page"}],"author":[{"embeddable":true,"href":"https:\/\/www.ninel.cl\/index.php\/wp-json\/wp\/v2\/users\/1"}],"replies":[{"embeddable":true,"href":"https:\/\/www.ninel.cl\/index.php\/wp-json\/wp\/v2\/comments?post=59"}],"version-history":[{"count":19,"href":"https:\/\/www.ninel.cl\/index.php\/wp-json\/wp\/v2\/pages\/59\/revisions"}],"predecessor-version":[{"id":1547,"href":"https:\/\/www.ninel.cl\/index.php\/wp-json\/wp\/v2\/pages\/59\/revisions\/1547"}],"wp:attachment":[{"href":"https:\/\/www.ninel.cl\/index.php\/wp-json\/wp\/v2\/media?parent=59"}],"curies":[{"name":"wp","href":"https:\/\/api.w.org\/{rel}","templated":true}]}}