{"id":62,"date":"2013-01-20T13:50:07","date_gmt":"2013-01-20T16:50:07","guid":{"rendered":"http:\/\/www.ninel.cl\/blog\/?page_id=62"},"modified":"2013-03-04T19:03:46","modified_gmt":"2013-03-04T22:03:46","slug":"monos","status":"publish","type":"page","link":"https:\/\/www.ninel.cl\/index.php\/monos\/","title":{"rendered":"Mo\u00f1os"},"content":{"rendered":"<p><strong><img loading=\"lazy\" decoding=\"async\" class=\"size-full wp-image-1271 alignleft\" alt=\"Monnos_1\" src=\"http:\/\/www.ninel.cl\/wp-content\/uploads\/2013\/03\/Monnos_1.jpg\" width=\"244\" height=\"255\" \/>Mo\u00f1os<\/strong><\/p>\n<ul>\n<li>\n<h4>Alta fantas\u00eda<\/h4>\n<\/li>\n<li>\n<h4>Para matrimonios<\/h4>\n<\/li>\n<li>\n<h4>Para graduaciones<\/h4>\n<\/li>\n<li>\n<h4>Para confirmaciones<\/h4>\n<\/li>\n<\/ul>\n<p>&nbsp;<\/p>\n<p>&nbsp;<\/p>\n<p>&nbsp;<\/p>\n<p>&nbsp;<\/p>\n<p>&nbsp;<\/p>\n<h3>Galer\u00eda de Im\u00e1genes<\/h3>\n<p><code>\t\t\t\t<div class=\"gallery_box_single\">\n\t\t\t\t\t\t\t\t\t\t\t<div class=\"gallery clearfix\">\n\t\t\t\t\t\t\t\t\t\t\t\t\t\t\t<div class=\"gllr_image_row\">\n\t\t\t\t\t\t\t\t\t\t\t\t\t\t\t\t\t<div class=\"gllr_image_block\">\n\t\t\t\t\t\t\t\t\t\t<p style=\"width:180px;height:140px;\">\n\t\t\t\t\t\t\t\t\t\t\t\t\t\t\t\t\t\t\t\t\t\t<a rel=\"gallery_fancybox\" href=\"https:\/\/www.ninel.cl\/wp-content\/uploads\/2013\/02\/DSC03905-1024x768.jpg\" title=\"\">\n\t\t\t\t\t\t\t\t\t\t\t\t<img decoding=\"async\" style=\"width:160px;height:120px; border-width: 10px; border-color:#f1f1f1\" alt=\"\" title=\"\" src=\"https:\/\/www.ninel.cl\/wp-content\/uploads\/2013\/02\/DSC03905-160x120.jpg\" rel=\"https:\/\/www.ninel.cl\/wp-content\/uploads\/2013\/02\/DSC03905.JPG\" \/>\n\t\t\t\t\t\t\t\t\t\t\t<\/a>\n\t\t\t\t\t\t\t\t\t\t\t\t\t\t\t\t\t\t\t\t\t\t<\/p>\n\t\t\t\t\t\t\t\t\t\t<div style=\"width:180px; \" class=\"gllr_single_image_text\">&nbsp;<\/div>\n\t\t\t\t\t\t\t\t\t<\/div>\n\t\t\t\t\t\t\t\t\t\t\t\t\t\t\t\t\t<div class=\"gllr_image_block\">\n\t\t\t\t\t\t\t\t\t\t<p style=\"width:180px;height:140px;\">\n\t\t\t\t\t\t\t\t\t\t\t\t\t\t\t\t\t\t\t\t\t\t<a rel=\"gallery_fancybox\" href=\"https:\/\/www.ninel.cl\/wp-content\/uploads\/2013\/02\/DSC03904-1024x768.jpg\" title=\"\">\n\t\t\t\t\t\t\t\t\t\t\t\t<img decoding=\"async\" style=\"width:160px;height:120px; border-width: 10px; border-color:#f1f1f1\" alt=\"\" title=\"\" src=\"https:\/\/www.ninel.cl\/wp-content\/uploads\/2013\/02\/DSC03904-160x120.jpg\" rel=\"https:\/\/www.ninel.cl\/wp-content\/uploads\/2013\/02\/DSC03904.JPG\" \/>\n\t\t\t\t\t\t\t\t\t\t\t<\/a>\n\t\t\t\t\t\t\t\t\t\t\t\t\t\t\t\t\t\t\t\t\t\t<\/p>\n\t\t\t\t\t\t\t\t\t\t<div style=\"width:180px; \" class=\"gllr_single_image_text\">&nbsp;<\/div>\n\t\t\t\t\t\t\t\t\t<\/div>\n\t\t\t\t\t\t\t\t\t\t\t\t\t\t\t\t\t<div class=\"gllr_image_block\">\n\t\t\t\t\t\t\t\t\t\t<p style=\"width:180px;height:140px;\">\n\t\t\t\t\t\t\t\t\t\t\t\t\t\t\t\t\t\t\t\t\t\t<a rel=\"gallery_fancybox\" href=\"https:\/\/www.ninel.cl\/wp-content\/uploads\/2013\/02\/DSC03906-1024x768.jpg\" title=\"\">\n\t\t\t\t\t\t\t\t\t\t\t\t<img decoding=\"async\" style=\"width:160px;height:120px; border-width: 10px; border-color:#f1f1f1\" alt=\"\" title=\"\" src=\"https:\/\/www.ninel.cl\/wp-content\/uploads\/2013\/02\/DSC03906-160x120.jpg\" rel=\"https:\/\/www.ninel.cl\/wp-content\/uploads\/2013\/02\/DSC03906.JPG\" \/>\n\t\t\t\t\t\t\t\t\t\t\t<\/a>\n\t\t\t\t\t\t\t\t\t\t\t\t\t\t\t\t\t\t\t\t\t\t<\/p>\n\t\t\t\t\t\t\t\t\t\t<div style=\"width:180px; \" class=\"gllr_single_image_text\">&nbsp;<\/div>\n\t\t\t\t\t\t\t\t\t<\/div>\n\t\t\t\t\t\t\t\t\t\t\t\t\t\t\t\t\t<div class=\"gllr_image_block\">\n\t\t\t\t\t\t\t\t\t\t<p style=\"width:180px;height:140px;\">\n\t\t\t\t\t\t\t\t\t\t\t\t\t\t\t\t\t\t\t\t\t\t<a rel=\"gallery_fancybox\" href=\"https:\/\/www.ninel.cl\/wp-content\/uploads\/2013\/02\/DSC03908-1024x768.jpg\" title=\"\">\n\t\t\t\t\t\t\t\t\t\t\t\t<img decoding=\"async\" style=\"width:160px;height:120px; border-width: 10px; border-color:#f1f1f1\" alt=\"\" title=\"\" src=\"https:\/\/www.ninel.cl\/wp-content\/uploads\/2013\/02\/DSC03908-160x120.jpg\" rel=\"https:\/\/www.ninel.cl\/wp-content\/uploads\/2013\/02\/DSC03908.JPG\" \/>\n\t\t\t\t\t\t\t\t\t\t\t<\/a>\n\t\t\t\t\t\t\t\t\t\t\t\t\t\t\t\t\t\t\t\t\t\t<\/p>\n\t\t\t\t\t\t\t\t\t\t<div style=\"width:180px; \" class=\"gllr_single_image_text\">&nbsp;<\/div>\n\t\t\t\t\t\t\t\t\t<\/div>\n\t\t\t\t\t\t\t\t\t\t\t\t\t\t\t\t<\/div>\n\t\t\t\t\t\t\t\t\t\t\t\t\t\t\t\t<div class=\"gllr_image_row\">\n\t\t\t\t\t\t\t\t\t\t\t\t\t\t\t\t\t<div class=\"gllr_image_block\">\n\t\t\t\t\t\t\t\t\t\t<p style=\"width:180px;height:140px;\">\n\t\t\t\t\t\t\t\t\t\t\t\t\t\t\t\t\t\t\t\t\t\t<a rel=\"gallery_fancybox\" href=\"https:\/\/www.ninel.cl\/wp-content\/uploads\/2013\/02\/DSC03909-1024x768.jpg\" title=\"\">\n\t\t\t\t\t\t\t\t\t\t\t\t<img decoding=\"async\" style=\"width:160px;height:120px; border-width: 10px; border-color:#f1f1f1\" alt=\"\" title=\"\" src=\"https:\/\/www.ninel.cl\/wp-content\/uploads\/2013\/02\/DSC03909-160x120.jpg\" rel=\"https:\/\/www.ninel.cl\/wp-content\/uploads\/2013\/02\/DSC03909.JPG\" \/>\n\t\t\t\t\t\t\t\t\t\t\t<\/a>\n\t\t\t\t\t\t\t\t\t\t\t\t\t\t\t\t\t\t\t\t\t\t<\/p>\n\t\t\t\t\t\t\t\t\t\t<div style=\"width:180px; \" class=\"gllr_single_image_text\">&nbsp;<\/div>\n\t\t\t\t\t\t\t\t\t<\/div>\n\t\t\t\t\t\t\t\t\t\t\t\t\t\t\t\t\t<div class=\"gllr_image_block\">\n\t\t\t\t\t\t\t\t\t\t<p style=\"width:180px;height:140px;\">\n\t\t\t\t\t\t\t\t\t\t\t\t\t\t\t\t\t\t\t\t\t\t<a rel=\"gallery_fancybox\" href=\"https:\/\/www.ninel.cl\/wp-content\/uploads\/2013\/02\/DSC03907-768x1024.jpg\" title=\"\">\n\t\t\t\t\t\t\t\t\t\t\t\t<img decoding=\"async\" style=\"width:160px;height:120px; border-width: 10px; border-color:#f1f1f1\" alt=\"\" title=\"\" src=\"https:\/\/www.ninel.cl\/wp-content\/uploads\/2013\/02\/DSC03907-160x120.jpg\" rel=\"https:\/\/www.ninel.cl\/wp-content\/uploads\/2013\/02\/DSC03907.JPG\" \/>\n\t\t\t\t\t\t\t\t\t\t\t<\/a>\n\t\t\t\t\t\t\t\t\t\t\t\t\t\t\t\t\t\t\t\t\t\t<\/p>\n\t\t\t\t\t\t\t\t\t\t<div style=\"width:180px; \" class=\"gllr_single_image_text\">&nbsp;<\/div>\n\t\t\t\t\t\t\t\t\t<\/div>\n\t\t\t\t\t\t\t\t\t\t\t\t\t\t\t\t\t<div class=\"gllr_image_block\">\n\t\t\t\t\t\t\t\t\t\t<p style=\"width:180px;height:140px;\">\n\t\t\t\t\t\t\t\t\t\t\t\t\t\t\t\t\t\t\t\t\t\t<a rel=\"gallery_fancybox\" href=\"https:\/\/www.ninel.cl\/wp-content\/uploads\/2013\/02\/DSC03916-1024x768.jpg\" title=\"\">\n\t\t\t\t\t\t\t\t\t\t\t\t<img decoding=\"async\" style=\"width:160px;height:120px; border-width: 10px; border-color:#f1f1f1\" alt=\"\" title=\"\" src=\"https:\/\/www.ninel.cl\/wp-content\/uploads\/2013\/02\/DSC03916-160x120.jpg\" rel=\"https:\/\/www.ninel.cl\/wp-content\/uploads\/2013\/02\/DSC03916.JPG\" \/>\n\t\t\t\t\t\t\t\t\t\t\t<\/a>\n\t\t\t\t\t\t\t\t\t\t\t\t\t\t\t\t\t\t\t\t\t\t<\/p>\n\t\t\t\t\t\t\t\t\t\t<div style=\"width:180px; \" class=\"gllr_single_image_text\">&nbsp;<\/div>\n\t\t\t\t\t\t\t\t\t<\/div>\n\t\t\t\t\t\t\t\t\t\t\t\t\t\t\t\t\t<div class=\"gllr_image_block\">\n\t\t\t\t\t\t\t\t\t\t<p style=\"width:180px;height:140px;\">\n\t\t\t\t\t\t\t\t\t\t\t\t\t\t\t\t\t\t\t\t\t\t<a rel=\"gallery_fancybox\" href=\"https:\/\/www.ninel.cl\/wp-content\/uploads\/2013\/02\/DSC03910-1024x768.jpg\" title=\"\">\n\t\t\t\t\t\t\t\t\t\t\t\t<img decoding=\"async\" style=\"width:160px;height:120px; border-width: 10px; border-color:#f1f1f1\" alt=\"\" title=\"\" src=\"https:\/\/www.ninel.cl\/wp-content\/uploads\/2013\/02\/DSC03910-160x120.jpg\" rel=\"https:\/\/www.ninel.cl\/wp-content\/uploads\/2013\/02\/DSC03910.JPG\" \/>\n\t\t\t\t\t\t\t\t\t\t\t<\/a>\n\t\t\t\t\t\t\t\t\t\t\t\t\t\t\t\t\t\t\t\t\t\t<\/p>\n\t\t\t\t\t\t\t\t\t\t<div style=\"width:180px; \" class=\"gllr_single_image_text\">&nbsp;<\/div>\n\t\t\t\t\t\t\t\t\t<\/div>\n\t\t\t\t\t\t\t\t\t\t\t\t\t\t\t\t<\/div>\n\t\t\t\t\t\t\t\t\t\t\t\t\t\t\t\t<div class=\"gllr_image_row\">\n\t\t\t\t\t\t\t\t\t\t\t\t\t\t\t\t\t<div class=\"gllr_image_block\">\n\t\t\t\t\t\t\t\t\t\t<p style=\"width:180px;height:140px;\">\n\t\t\t\t\t\t\t\t\t\t\t\t\t\t\t\t\t\t\t\t\t\t<a rel=\"gallery_fancybox\" href=\"https:\/\/www.ninel.cl\/wp-content\/uploads\/2013\/02\/DSC03918-1024x768.jpg\" title=\"\">\n\t\t\t\t\t\t\t\t\t\t\t\t<img decoding=\"async\" style=\"width:160px;height:120px; border-width: 10px; border-color:#f1f1f1\" alt=\"\" title=\"\" src=\"https:\/\/www.ninel.cl\/wp-content\/uploads\/2013\/02\/DSC03918-160x120.jpg\" rel=\"https:\/\/www.ninel.cl\/wp-content\/uploads\/2013\/02\/DSC03918.JPG\" \/>\n\t\t\t\t\t\t\t\t\t\t\t<\/a>\n\t\t\t\t\t\t\t\t\t\t\t\t\t\t\t\t\t\t\t\t\t\t<\/p>\n\t\t\t\t\t\t\t\t\t\t<div style=\"width:180px; \" class=\"gllr_single_image_text\">&nbsp;<\/div>\n\t\t\t\t\t\t\t\t\t<\/div>\n\t\t\t\t\t\t\t\t\t\t\t\t\t\t\t\t\t<div class=\"gllr_image_block\">\n\t\t\t\t\t\t\t\t\t\t<p style=\"width:180px;height:140px;\">\n\t\t\t\t\t\t\t\t\t\t\t\t\t\t\t\t\t\t\t\t\t\t<a rel=\"gallery_fancybox\" href=\"https:\/\/www.ninel.cl\/wp-content\/uploads\/2013\/02\/DSC03919-768x1024.jpg\" title=\"\">\n\t\t\t\t\t\t\t\t\t\t\t\t<img decoding=\"async\" style=\"width:160px;height:120px; border-width: 10px; border-color:#f1f1f1\" alt=\"\" title=\"\" src=\"https:\/\/www.ninel.cl\/wp-content\/uploads\/2013\/02\/DSC03919-160x120.jpg\" rel=\"https:\/\/www.ninel.cl\/wp-content\/uploads\/2013\/02\/DSC03919.JPG\" \/>\n\t\t\t\t\t\t\t\t\t\t\t<\/a>\n\t\t\t\t\t\t\t\t\t\t\t\t\t\t\t\t\t\t\t\t\t\t<\/p>\n\t\t\t\t\t\t\t\t\t\t<div style=\"width:180px; \" class=\"gllr_single_image_text\">&nbsp;<\/div>\n\t\t\t\t\t\t\t\t\t<\/div>\n\t\t\t\t\t\t\t\t\t\t\t\t\t\t\t\t\t<div class=\"gllr_image_block\">\n\t\t\t\t\t\t\t\t\t\t<p style=\"width:180px;height:140px;\">\n\t\t\t\t\t\t\t\t\t\t\t\t\t\t\t\t\t\t\t\t\t\t<a rel=\"gallery_fancybox\" href=\"https:\/\/www.ninel.cl\/wp-content\/uploads\/2013\/02\/DSC03920-768x1024.jpg\" title=\"\">\n\t\t\t\t\t\t\t\t\t\t\t\t<img decoding=\"async\" style=\"width:160px;height:120px; border-width: 10px; border-color:#f1f1f1\" alt=\"\" title=\"\" src=\"https:\/\/www.ninel.cl\/wp-content\/uploads\/2013\/02\/DSC03920-160x120.jpg\" rel=\"https:\/\/www.ninel.cl\/wp-content\/uploads\/2013\/02\/DSC03920.JPG\" \/>\n\t\t\t\t\t\t\t\t\t\t\t<\/a>\n\t\t\t\t\t\t\t\t\t\t\t\t\t\t\t\t\t\t\t\t\t\t<\/p>\n\t\t\t\t\t\t\t\t\t\t<div style=\"width:180px; \" class=\"gllr_single_image_text\">&nbsp;<\/div>\n\t\t\t\t\t\t\t\t\t<\/div>\n\t\t\t\t\t\t\t\t\t\t\t\t\t\t\t\t\t<div class=\"gllr_image_block\">\n\t\t\t\t\t\t\t\t\t\t<p style=\"width:180px;height:140px;\">\n\t\t\t\t\t\t\t\t\t\t\t\t\t\t\t\t\t\t\t\t\t\t<a rel=\"gallery_fancybox\" href=\"https:\/\/www.ninel.cl\/wp-content\/uploads\/2013\/02\/DSC03921-768x1024.jpg\" title=\"\">\n\t\t\t\t\t\t\t\t\t\t\t\t<img decoding=\"async\" style=\"width:160px;height:120px; border-width: 10px; border-color:#f1f1f1\" alt=\"\" title=\"\" src=\"https:\/\/www.ninel.cl\/wp-content\/uploads\/2013\/02\/DSC03921-160x120.jpg\" rel=\"https:\/\/www.ninel.cl\/wp-content\/uploads\/2013\/02\/DSC03921.JPG\" \/>\n\t\t\t\t\t\t\t\t\t\t\t<\/a>\n\t\t\t\t\t\t\t\t\t\t\t\t\t\t\t\t\t\t\t\t\t\t<\/p>\n\t\t\t\t\t\t\t\t\t\t<div style=\"width:180px; \" class=\"gllr_single_image_text\">&nbsp;<\/div>\n\t\t\t\t\t\t\t\t\t<\/div>\n\t\t\t\t\t\t\t\t\t\t\t\t\t\t\t\t<\/div>\n\t\t\t\t\t\t\t\t\t\t\t\t\t\t\t\t<div class=\"gllr_image_row\">\n\t\t\t\t\t\t\t\t\t\t\t\t\t\t\t\t\t<div class=\"gllr_image_block\">\n\t\t\t\t\t\t\t\t\t\t<p style=\"width:180px;height:140px;\">\n\t\t\t\t\t\t\t\t\t\t\t\t\t\t\t\t\t\t\t\t\t\t<a rel=\"gallery_fancybox\" href=\"https:\/\/www.ninel.cl\/wp-content\/uploads\/2013\/02\/DSC03923-1024x768.jpg\" title=\"\">\n\t\t\t\t\t\t\t\t\t\t\t\t<img decoding=\"async\" style=\"width:160px;height:120px; border-width: 10px; border-color:#f1f1f1\" alt=\"\" title=\"\" src=\"https:\/\/www.ninel.cl\/wp-content\/uploads\/2013\/02\/DSC03923-160x120.jpg\" rel=\"https:\/\/www.ninel.cl\/wp-content\/uploads\/2013\/02\/DSC03923.JPG\" \/>\n\t\t\t\t\t\t\t\t\t\t\t<\/a>\n\t\t\t\t\t\t\t\t\t\t\t\t\t\t\t\t\t\t\t\t\t\t<\/p>\n\t\t\t\t\t\t\t\t\t\t<div style=\"width:180px; \" class=\"gllr_single_image_text\">&nbsp;<\/div>\n\t\t\t\t\t\t\t\t\t<\/div>\n\t\t\t\t\t\t\t\t\t\t\t\t\t\t\t\t\t<div class=\"gllr_image_block\">\n\t\t\t\t\t\t\t\t\t\t<p style=\"width:180px;height:140px;\">\n\t\t\t\t\t\t\t\t\t\t\t\t\t\t\t\t\t\t\t\t\t\t<a rel=\"gallery_fancybox\" href=\"https:\/\/www.ninel.cl\/wp-content\/uploads\/2013\/02\/DSC03922-768x1024.jpg\" title=\"\">\n\t\t\t\t\t\t\t\t\t\t\t\t<img decoding=\"async\" style=\"width:160px;height:120px; border-width: 10px; border-color:#f1f1f1\" alt=\"\" title=\"\" src=\"https:\/\/www.ninel.cl\/wp-content\/uploads\/2013\/02\/DSC03922-160x120.jpg\" rel=\"https:\/\/www.ninel.cl\/wp-content\/uploads\/2013\/02\/DSC03922.JPG\" \/>\n\t\t\t\t\t\t\t\t\t\t\t<\/a>\n\t\t\t\t\t\t\t\t\t\t\t\t\t\t\t\t\t\t\t\t\t\t<\/p>\n\t\t\t\t\t\t\t\t\t\t<div style=\"width:180px; \" class=\"gllr_single_image_text\">&nbsp;<\/div>\n\t\t\t\t\t\t\t\t\t<\/div>\n\t\t\t\t\t\t\t\t\t\t\t\t\t\t\t\t\t<div class=\"gllr_image_block\">\n\t\t\t\t\t\t\t\t\t\t<p style=\"width:180px;height:140px;\">\n\t\t\t\t\t\t\t\t\t\t\t\t\t\t\t\t\t\t\t\t\t\t<a rel=\"gallery_fancybox\" href=\"https:\/\/www.ninel.cl\/wp-content\/uploads\/2013\/02\/DSC03925-1024x768.jpg\" title=\"\">\n\t\t\t\t\t\t\t\t\t\t\t\t<img decoding=\"async\" style=\"width:160px;height:120px; border-width: 10px; border-color:#f1f1f1\" alt=\"\" title=\"\" src=\"https:\/\/www.ninel.cl\/wp-content\/uploads\/2013\/02\/DSC03925-160x120.jpg\" rel=\"https:\/\/www.ninel.cl\/wp-content\/uploads\/2013\/02\/DSC03925.JPG\" \/>\n\t\t\t\t\t\t\t\t\t\t\t<\/a>\n\t\t\t\t\t\t\t\t\t\t\t\t\t\t\t\t\t\t\t\t\t\t<\/p>\n\t\t\t\t\t\t\t\t\t\t<div style=\"width:180px; \" class=\"gllr_single_image_text\">&nbsp;<\/div>\n\t\t\t\t\t\t\t\t\t<\/div>\n\t\t\t\t\t\t\t\t\t\t\t\t\t\t\t\t\t<div class=\"gllr_image_block\">\n\t\t\t\t\t\t\t\t\t\t<p style=\"width:180px;height:140px;\">\n\t\t\t\t\t\t\t\t\t\t\t\t\t\t\t\t\t\t\t\t\t\t<a rel=\"gallery_fancybox\" href=\"https:\/\/www.ninel.cl\/wp-content\/uploads\/2013\/02\/DSC03926-1024x768.jpg\" title=\"\">\n\t\t\t\t\t\t\t\t\t\t\t\t<img decoding=\"async\" style=\"width:160px;height:120px; border-width: 10px; border-color:#f1f1f1\" alt=\"\" title=\"\" src=\"https:\/\/www.ninel.cl\/wp-content\/uploads\/2013\/02\/DSC03926-160x120.jpg\" rel=\"https:\/\/www.ninel.cl\/wp-content\/uploads\/2013\/02\/DSC03926.JPG\" \/>\n\t\t\t\t\t\t\t\t\t\t\t<\/a>\n\t\t\t\t\t\t\t\t\t\t\t\t\t\t\t\t\t\t\t\t\t\t<\/p>\n\t\t\t\t\t\t\t\t\t\t<div style=\"width:180px; \" class=\"gllr_single_image_text\">&nbsp;<\/div>\n\t\t\t\t\t\t\t\t\t<\/div>\n\t\t\t\t\t\t\t\t\t\t\t\t\t\t\t\t<\/div>\n\t\t\t\t\t\t\t\t\t\t\t\t\t\t\t\t<div class=\"gllr_image_row\">\n\t\t\t\t\t\t\t\t\t\t\t\t\t\t\t\t\t<div class=\"gllr_image_block\">\n\t\t\t\t\t\t\t\t\t\t<p style=\"width:180px;height:140px;\">\n\t\t\t\t\t\t\t\t\t\t\t\t\t\t\t\t\t\t\t\t\t\t<a rel=\"gallery_fancybox\" href=\"https:\/\/www.ninel.cl\/wp-content\/uploads\/2013\/02\/DSC03927-1024x768.jpg\" title=\"\">\n\t\t\t\t\t\t\t\t\t\t\t\t<img decoding=\"async\" style=\"width:160px;height:120px; border-width: 10px; border-color:#f1f1f1\" alt=\"\" title=\"\" src=\"https:\/\/www.ninel.cl\/wp-content\/uploads\/2013\/02\/DSC03927-160x120.jpg\" rel=\"https:\/\/www.ninel.cl\/wp-content\/uploads\/2013\/02\/DSC03927.JPG\" \/>\n\t\t\t\t\t\t\t\t\t\t\t<\/a>\n\t\t\t\t\t\t\t\t\t\t\t\t\t\t\t\t\t\t\t\t\t\t<\/p>\n\t\t\t\t\t\t\t\t\t\t<div style=\"width:180px; \" class=\"gllr_single_image_text\">&nbsp;<\/div>\n\t\t\t\t\t\t\t\t\t<\/div>\n\t\t\t\t\t\t\t\t\t\t\t\t\t\t\t\t\t<div class=\"gllr_image_block\">\n\t\t\t\t\t\t\t\t\t\t<p style=\"width:180px;height:140px;\">\n\t\t\t\t\t\t\t\t\t\t\t\t\t\t\t\t\t\t\t\t\t\t<a rel=\"gallery_fancybox\" href=\"https:\/\/www.ninel.cl\/wp-content\/uploads\/2013\/02\/DSC04030-1024x768.jpg\" title=\"\">\n\t\t\t\t\t\t\t\t\t\t\t\t<img decoding=\"async\" style=\"width:160px;height:120px; border-width: 10px; border-color:#f1f1f1\" alt=\"\" title=\"\" src=\"https:\/\/www.ninel.cl\/wp-content\/uploads\/2013\/02\/DSC04030-160x120.jpg\" rel=\"https:\/\/www.ninel.cl\/wp-content\/uploads\/2013\/02\/DSC04030.JPG\" \/>\n\t\t\t\t\t\t\t\t\t\t\t<\/a>\n\t\t\t\t\t\t\t\t\t\t\t\t\t\t\t\t\t\t\t\t\t\t<\/p>\n\t\t\t\t\t\t\t\t\t\t<div style=\"width:180px; \" class=\"gllr_single_image_text\">&nbsp;<\/div>\n\t\t\t\t\t\t\t\t\t<\/div>\n\t\t\t\t\t\t\t\t\t\t\t\t\t\t\t\t\t<div class=\"gllr_image_block\">\n\t\t\t\t\t\t\t\t\t\t<p style=\"width:180px;height:140px;\">\n\t\t\t\t\t\t\t\t\t\t\t\t\t\t\t\t\t\t\t\t\t\t<a rel=\"gallery_fancybox\" href=\"https:\/\/www.ninel.cl\/wp-content\/uploads\/2013\/02\/DSC04032-1024x768.jpg\" title=\"\">\n\t\t\t\t\t\t\t\t\t\t\t\t<img decoding=\"async\" style=\"width:160px;height:120px; border-width: 10px; border-color:#f1f1f1\" alt=\"\" title=\"\" src=\"https:\/\/www.ninel.cl\/wp-content\/uploads\/2013\/02\/DSC04032-160x120.jpg\" rel=\"https:\/\/www.ninel.cl\/wp-content\/uploads\/2013\/02\/DSC04032.JPG\" \/>\n\t\t\t\t\t\t\t\t\t\t\t<\/a>\n\t\t\t\t\t\t\t\t\t\t\t\t\t\t\t\t\t\t\t\t\t\t<\/p>\n\t\t\t\t\t\t\t\t\t\t<div style=\"width:180px; \" class=\"gllr_single_image_text\">&nbsp;<\/div>\n\t\t\t\t\t\t\t\t\t<\/div>\n\t\t\t\t\t\t\t\t\t\t\t\t\t\t\t\t\t<div class=\"gllr_image_block\">\n\t\t\t\t\t\t\t\t\t\t<p style=\"width:180px;height:140px;\">\n\t\t\t\t\t\t\t\t\t\t\t\t\t\t\t\t\t\t\t\t\t\t<a rel=\"gallery_fancybox\" href=\"https:\/\/www.ninel.cl\/wp-content\/uploads\/2013\/02\/DSC04031-1024x768.jpg\" title=\"\">\n\t\t\t\t\t\t\t\t\t\t\t\t<img decoding=\"async\" style=\"width:160px;height:120px; border-width: 10px; border-color:#f1f1f1\" alt=\"\" title=\"\" src=\"https:\/\/www.ninel.cl\/wp-content\/uploads\/2013\/02\/DSC04031-160x120.jpg\" rel=\"https:\/\/www.ninel.cl\/wp-content\/uploads\/2013\/02\/DSC04031.JPG\" \/>\n\t\t\t\t\t\t\t\t\t\t\t<\/a>\n\t\t\t\t\t\t\t\t\t\t\t\t\t\t\t\t\t\t\t\t\t\t<\/p>\n\t\t\t\t\t\t\t\t\t\t<div style=\"width:180px; \" class=\"gllr_single_image_text\">&nbsp;<\/div>\n\t\t\t\t\t\t\t\t\t<\/div>\n\t\t\t\t\t\t\t\t\t\t\t\t\t\t\t\t<\/div>\n\t\t\t\t\t\t\t\t\t\t\t\t\t\t\t\t<div class=\"gllr_image_row\">\n\t\t\t\t\t\t\t\t\t\t\t\t\t\t\t\t\t<div class=\"gllr_image_block\">\n\t\t\t\t\t\t\t\t\t\t<p style=\"width:180px;height:140px;\">\n\t\t\t\t\t\t\t\t\t\t\t\t\t\t\t\t\t\t\t\t\t\t<a rel=\"gallery_fancybox\" href=\"https:\/\/www.ninel.cl\/wp-content\/uploads\/2013\/02\/DSC04033-1024x768.jpg\" title=\"\">\n\t\t\t\t\t\t\t\t\t\t\t\t<img decoding=\"async\" style=\"width:160px;height:120px; border-width: 10px; border-color:#f1f1f1\" alt=\"\" title=\"\" src=\"https:\/\/www.ninel.cl\/wp-content\/uploads\/2013\/02\/DSC04033-160x120.jpg\" rel=\"https:\/\/www.ninel.cl\/wp-content\/uploads\/2013\/02\/DSC04033.JPG\" \/>\n\t\t\t\t\t\t\t\t\t\t\t<\/a>\n\t\t\t\t\t\t\t\t\t\t\t\t\t\t\t\t\t\t\t\t\t\t<\/p>\n\t\t\t\t\t\t\t\t\t\t<div style=\"width:180px; \" class=\"gllr_single_image_text\">&nbsp;<\/div>\n\t\t\t\t\t\t\t\t\t<\/div>\n\t\t\t\t\t\t\t\t\t\t\t\t\t\t\t\t\t<div class=\"gllr_image_block\">\n\t\t\t\t\t\t\t\t\t\t<p style=\"width:180px;height:140px;\">\n\t\t\t\t\t\t\t\t\t\t\t\t\t\t\t\t\t\t\t\t\t\t<a rel=\"gallery_fancybox\" href=\"https:\/\/www.ninel.cl\/wp-content\/uploads\/2013\/02\/DSC04034-1024x768.jpg\" title=\"\">\n\t\t\t\t\t\t\t\t\t\t\t\t<img decoding=\"async\" style=\"width:160px;height:120px; border-width: 10px; border-color:#f1f1f1\" alt=\"\" title=\"\" src=\"https:\/\/www.ninel.cl\/wp-content\/uploads\/2013\/02\/DSC04034-160x120.jpg\" rel=\"https:\/\/www.ninel.cl\/wp-content\/uploads\/2013\/02\/DSC04034.JPG\" \/>\n\t\t\t\t\t\t\t\t\t\t\t<\/a>\n\t\t\t\t\t\t\t\t\t\t\t\t\t\t\t\t\t\t\t\t\t\t<\/p>\n\t\t\t\t\t\t\t\t\t\t<div style=\"width:180px; \" class=\"gllr_single_image_text\">&nbsp;<\/div>\n\t\t\t\t\t\t\t\t\t<\/div>\n\t\t\t\t\t\t\t\t\t\t\t\t\t\t\t\t\t<div class=\"gllr_image_block\">\n\t\t\t\t\t\t\t\t\t\t<p style=\"width:180px;height:140px;\">\n\t\t\t\t\t\t\t\t\t\t\t\t\t\t\t\t\t\t\t\t\t\t<a rel=\"gallery_fancybox\" href=\"https:\/\/www.ninel.cl\/wp-content\/uploads\/2013\/02\/DSC04035-1024x768.jpg\" title=\"\">\n\t\t\t\t\t\t\t\t\t\t\t\t<img decoding=\"async\" style=\"width:160px;height:120px; border-width: 10px; border-color:#f1f1f1\" alt=\"\" title=\"\" src=\"https:\/\/www.ninel.cl\/wp-content\/uploads\/2013\/02\/DSC04035-160x120.jpg\" rel=\"https:\/\/www.ninel.cl\/wp-content\/uploads\/2013\/02\/DSC04035.JPG\" \/>\n\t\t\t\t\t\t\t\t\t\t\t<\/a>\n\t\t\t\t\t\t\t\t\t\t\t\t\t\t\t\t\t\t\t\t\t\t<\/p>\n\t\t\t\t\t\t\t\t\t\t<div style=\"width:180px; \" class=\"gllr_single_image_text\">&nbsp;<\/div>\n\t\t\t\t\t\t\t\t\t<\/div>\n\t\t\t\t\t\t\t\t\t\t\t\t\t\t\t\t\t<div class=\"gllr_image_block\">\n\t\t\t\t\t\t\t\t\t\t<p style=\"width:180px;height:140px;\">\n\t\t\t\t\t\t\t\t\t\t\t\t\t\t\t\t\t\t\t\t\t\t<a rel=\"gallery_fancybox\" href=\"https:\/\/www.ninel.cl\/wp-content\/uploads\/2013\/02\/Foto_Mono-3-764x1024.jpg\" title=\"\">\n\t\t\t\t\t\t\t\t\t\t\t\t<img decoding=\"async\" style=\"width:160px;height:120px; border-width: 10px; border-color:#f1f1f1\" alt=\"\" title=\"\" src=\"https:\/\/www.ninel.cl\/wp-content\/uploads\/2013\/02\/Foto_Mono-3-160x120.jpg\" rel=\"https:\/\/www.ninel.cl\/wp-content\/uploads\/2013\/02\/Foto_Mono-3.JPG\" \/>\n\t\t\t\t\t\t\t\t\t\t\t<\/a>\n\t\t\t\t\t\t\t\t\t\t\t\t\t\t\t\t\t\t\t\t\t\t<\/p>\n\t\t\t\t\t\t\t\t\t\t<div style=\"width:180px; \" class=\"gllr_single_image_text\">&nbsp;<\/div>\n\t\t\t\t\t\t\t\t\t<\/div>\n\t\t\t\t\t\t\t\t\t\t\t\t\t\t\t\t<\/div>\n\t\t\t\t\t\t\t\t\t\t\t\t\t\t\t\t<div class=\"gllr_image_row\">\n\t\t\t\t\t\t\t\t\t\t\t\t\t\t\t\t\t<div class=\"gllr_image_block\">\n\t\t\t\t\t\t\t\t\t\t<p style=\"width:180px;height:140px;\">\n\t\t\t\t\t\t\t\t\t\t\t\t\t\t\t\t\t\t\t\t\t\t<a rel=\"gallery_fancybox\" href=\"https:\/\/www.ninel.cl\/wp-content\/uploads\/2013\/02\/Foto_Mono-1-1024x764.jpg\" title=\"\">\n\t\t\t\t\t\t\t\t\t\t\t\t<img decoding=\"async\" style=\"width:160px;height:120px; border-width: 10px; border-color:#f1f1f1\" alt=\"\" title=\"\" src=\"https:\/\/www.ninel.cl\/wp-content\/uploads\/2013\/02\/Foto_Mono-1-160x120.jpg\" rel=\"https:\/\/www.ninel.cl\/wp-content\/uploads\/2013\/02\/Foto_Mono-1.JPG\" \/>\n\t\t\t\t\t\t\t\t\t\t\t<\/a>\n\t\t\t\t\t\t\t\t\t\t\t\t\t\t\t\t\t\t\t\t\t\t<\/p>\n\t\t\t\t\t\t\t\t\t\t<div style=\"width:180px; \" class=\"gllr_single_image_text\">&nbsp;<\/div>\n\t\t\t\t\t\t\t\t\t<\/div>\n\t\t\t\t\t\t\t\t\t\t\t\t\t\t\t\t\t<div class=\"gllr_image_block\">\n\t\t\t\t\t\t\t\t\t\t<p style=\"width:180px;height:140px;\">\n\t\t\t\t\t\t\t\t\t\t\t\t\t\t\t\t\t\t\t\t\t\t<a rel=\"gallery_fancybox\" href=\"https:\/\/www.ninel.cl\/wp-content\/uploads\/2013\/02\/Foto_Mono-2-764x1024.jpg\" title=\"\">\n\t\t\t\t\t\t\t\t\t\t\t\t<img decoding=\"async\" style=\"width:160px;height:120px; border-width: 10px; border-color:#f1f1f1\" alt=\"\" title=\"\" src=\"https:\/\/www.ninel.cl\/wp-content\/uploads\/2013\/02\/Foto_Mono-2-160x120.jpg\" rel=\"https:\/\/www.ninel.cl\/wp-content\/uploads\/2013\/02\/Foto_Mono-2.JPG\" \/>\n\t\t\t\t\t\t\t\t\t\t\t<\/a>\n\t\t\t\t\t\t\t\t\t\t\t\t\t\t\t\t\t\t\t\t\t\t<\/p>\n\t\t\t\t\t\t\t\t\t\t<div style=\"width:180px; \" class=\"gllr_single_image_text\">&nbsp;<\/div>\n\t\t\t\t\t\t\t\t\t<\/div>\n\t\t\t\t\t\t\t\t\t\t\t\t\t\t\t\t\t<div class=\"gllr_image_block\">\n\t\t\t\t\t\t\t\t\t\t<p style=\"width:180px;height:140px;\">\n\t\t\t\t\t\t\t\t\t\t\t\t\t\t\t\t\t\t\t\t\t\t<a rel=\"gallery_fancybox\" href=\"https:\/\/www.ninel.cl\/wp-content\/uploads\/2015\/02\/20150130_18104754cfa3156af5e-576x1024.jpg\" title=\"\">\n\t\t\t\t\t\t\t\t\t\t\t\t<img decoding=\"async\" style=\"width:160px;height:120px; border-width: 10px; border-color:#f1f1f1\" alt=\"\" title=\"\" src=\"https:\/\/www.ninel.cl\/wp-content\/uploads\/2015\/02\/20150130_18104754cfa3156af5e-160x120.jpg\" rel=\"https:\/\/www.ninel.cl\/wp-content\/uploads\/2015\/02\/20150130_18104754cfa3156af5e.jpg\" \/>\n\t\t\t\t\t\t\t\t\t\t\t<\/a>\n\t\t\t\t\t\t\t\t\t\t\t\t\t\t\t\t\t\t\t\t\t\t<\/p>\n\t\t\t\t\t\t\t\t\t\t<div style=\"width:180px; \" class=\"gllr_single_image_text\">&nbsp;<\/div>\n\t\t\t\t\t\t\t\t\t<\/div>\n\t\t\t\t\t\t\t\t\t\t\t\t\t\t\t\t\t<div class=\"gllr_image_block\">\n\t\t\t\t\t\t\t\t\t\t<p style=\"width:180px;height:140px;\">\n\t\t\t\t\t\t\t\t\t\t\t\t\t\t\t\t\t\t\t\t\t\t<a rel=\"gallery_fancybox\" href=\"https:\/\/www.ninel.cl\/wp-content\/uploads\/2015\/02\/20150130_18105254cfa319df526-576x1024.jpg\" title=\"\">\n\t\t\t\t\t\t\t\t\t\t\t\t<img decoding=\"async\" style=\"width:160px;height:120px; border-width: 10px; border-color:#f1f1f1\" alt=\"\" title=\"\" src=\"https:\/\/www.ninel.cl\/wp-content\/uploads\/2015\/02\/20150130_18105254cfa319df526-160x120.jpg\" rel=\"https:\/\/www.ninel.cl\/wp-content\/uploads\/2015\/02\/20150130_18105254cfa319df526.jpg\" \/>\n\t\t\t\t\t\t\t\t\t\t\t<\/a>\n\t\t\t\t\t\t\t\t\t\t\t\t\t\t\t\t\t\t\t\t\t\t<\/p>\n\t\t\t\t\t\t\t\t\t\t<div style=\"width:180px; \" class=\"gllr_single_image_text\">&nbsp;<\/div>\n\t\t\t\t\t\t\t\t\t<\/div>\n\t\t\t\t\t\t\t\t\t\t\t\t\t\t\t\t<\/div>\n\t\t\t\t\t\t\t\t\t\t\t\t\t\t\t<\/div>\n\t\t\t\t\t\t\t\t\t\t\t<\/div>\n\t\t\t\t\t<div class=\"clear\"><\/div>\n\t\t\t\t\t\t\t<script type=\"text\/javascript\">\n\t\t(function($){\n\t\t\t$(document).ready(function(){\n\t\t\t\t$(\"a[rel=gallery_fancybox]\").fancybox({\n\t\t\t\t\t'transitionIn'\t\t: 'elastic',\n\t\t\t\t\t'transitionOut'\t\t: 'elastic',\n\t\t\t\t\t'titlePosition' \t: 'inside',\n\t\t\t\t\t'speedIn'\t\t\t\t\t:\t500, \n\t\t\t\t\t'speedOut'\t\t\t\t:\t300,\n\t\t\t\t\t'titleFormat'\t\t\t: function(title, currentArray, currentIndex, currentOpts) {\n\t\t\t\t\t\treturn '<span id=\"fancybox-title-inside\">' + (title.length ? title + '<br \/>' : '') + 'Image ' + (currentIndex + 1) + ' \/ ' + currentArray.length + '<\/span>';\n\t\t\t\t\t},\n\t\t\t\t\t'onComplete':\tfunction() {\n\t\t\t\t\t\tclearTimeout(jQuery.fancybox.slider);\n\t\t\t\t\t\tjQuery.fancybox.slider=setTimeout(\"jQuery.fancybox.next()\",4500);\n\t\t\t\t\t}\t\t\t\t});\n\t\t\t});\n\t\t})(jQuery);\n\t\t<\/script>\n\t<\/code><\/p>\n","protected":false},"excerpt":{"rendered":"<p>Mo\u00f1os Alta fantas\u00eda Para matrimonios Para graduaciones Para confirmaciones &nbsp; &nbsp; &nbsp; &nbsp; &nbsp; Galer\u00eda de Im\u00e1genes<\/p>\n","protected":false},"author":1,"featured_media":0,"parent":0,"menu_order":0,"comment_status":"open","ping_status":"open","template":"page-full-width.php","meta":{"footnotes":""},"class_list":["post-62","page","type-page","status-publish","hentry"],"_links":{"self":[{"href":"https:\/\/www.ninel.cl\/index.php\/wp-json\/wp\/v2\/pages\/62","targetHints":{"allow":["GET"]}}],"collection":[{"href":"https:\/\/www.ninel.cl\/index.php\/wp-json\/wp\/v2\/pages"}],"about":[{"href":"https:\/\/www.ninel.cl\/index.php\/wp-json\/wp\/v2\/types\/page"}],"author":[{"embeddable":true,"href":"https:\/\/www.ninel.cl\/index.php\/wp-json\/wp\/v2\/users\/1"}],"replies":[{"embeddable":true,"href":"https:\/\/www.ninel.cl\/index.php\/wp-json\/wp\/v2\/comments?post=62"}],"version-history":[{"count":18,"href":"https:\/\/www.ninel.cl\/index.php\/wp-json\/wp\/v2\/pages\/62\/revisions"}],"predecessor-version":[{"id":154,"href":"https:\/\/www.ninel.cl\/index.php\/wp-json\/wp\/v2\/pages\/62\/revisions\/154"}],"wp:attachment":[{"href":"https:\/\/www.ninel.cl\/index.php\/wp-json\/wp\/v2\/media?parent=62"}],"curies":[{"name":"wp","href":"https:\/\/api.w.org\/{rel}","templated":true}]}}