{"id":77,"date":"2013-01-20T14:06:25","date_gmt":"2013-01-20T17:06:25","guid":{"rendered":"http:\/\/www.ninel.cl\/blog\/?page_id=77"},"modified":"2020-12-31T12:57:53","modified_gmt":"2020-12-31T15:57:53","slug":"contacto","status":"publish","type":"page","link":"https:\/\/www.ninel.cl\/index.php\/contacto\/","title":{"rendered":"Contacto"},"content":{"rendered":"\n<p class=\"has-medium-font-size\">Si deseas contactarnos puedes llamarnos a nuestro tel\u00e9fono:<\/p>\n\n\n\n<p class=\"has-vivid-red-color has-text-color has-background\" style=\"background-color:#fbf0d2;font-size:24px\"><strong><span class=\"has-inline-color has-vivid-red-color\">+56 222339770<\/span><\/strong><\/p>\n\n\n\n<p class=\"has-medium-font-size\">Donde responderemos a todas tus consultas o dudas acerca de nuestros servicios.<\/p>\n\n\n\n<p><\/p>\n\n\n\n<p class=\"has-cyan-bluish-gray-color has-text-color has-medium-font-size\"><br \/><strong><span class=\"has-inline-color has-cyan-bluish-gray-color\">Nota:  Una llamada telef\u00f3nica <em>siempre<\/em> ser\u00e1 m\u00e1s r\u00e1pida y personalizada que un correo electr\u00f3nico.<\/span><\/strong><\/p>\n\n\n\n<p><\/p>\n","protected":false},"excerpt":{"rendered":"<p>Si deseas contactarnos puedes llamarnos a nuestro tel\u00e9fono: +56 222339770 Donde responderemos a todas tus consultas o dudas acerca de nuestros servicios. Nota: Una llamada telef\u00f3nica siempre ser\u00e1 m\u00e1s r\u00e1pida [&hellip;]<\/p>\n","protected":false},"author":1,"featured_media":0,"parent":0,"menu_order":0,"comment_status":"open","ping_status":"closed","template":"page-full-width.php","meta":{"footnotes":""},"class_list":["post-77","page","type-page","status-publish","hentry"],"_links":{"self":[{"href":"https:\/\/www.ninel.cl\/index.php\/wp-json\/wp\/v2\/pages\/77","targetHints":{"allow":["GET"]}}],"collection":[{"href":"https:\/\/www.ninel.cl\/index.php\/wp-json\/wp\/v2\/pages"}],"about":[{"href":"https:\/\/www.ninel.cl\/index.php\/wp-json\/wp\/v2\/types\/page"}],"author":[{"embeddable":true,"href":"https:\/\/www.ninel.cl\/index.php\/wp-json\/wp\/v2\/users\/1"}],"replies":[{"embeddable":true,"href":"https:\/\/www.ninel.cl\/index.php\/wp-json\/wp\/v2\/comments?post=77"}],"version-history":[{"count":22,"href":"https:\/\/www.ninel.cl\/index.php\/wp-json\/wp\/v2\/pages\/77\/revisions"}],"predecessor-version":[{"id":1582,"href":"https:\/\/www.ninel.cl\/index.php\/wp-json\/wp\/v2\/pages\/77\/revisions\/1582"}],"wp:attachment":[{"href":"https:\/\/www.ninel.cl\/index.php\/wp-json\/wp\/v2\/media?parent=77"}],"curies":[{"name":"wp","href":"https:\/\/api.w.org\/{rel}","templated":true}]}}